{"id":2307,"date":"2025-03-23T11:48:43","date_gmt":"2025-03-23T10:48:43","guid":{"rendered":"https:\/\/tuincomfort.nl\/?page_id=2307"},"modified":"2025-03-23T14:04:51","modified_gmt":"2025-03-23T13:04:51","slug":"de-leukste-ideeen-en-handigste-tips-voor-het-balkon","status":"publish","type":"page","link":"https:\/\/tuincomfort.nl\/?page_id=2307","title":{"rendered":"De leukste idee\u00ebn en handigste tips voor het balkon"},"content":{"rendered":"\n<p>Denk je dat je beperkt bent als je alleen maar de beschikking hebt over een balkon? Dan heb je het helemaal mis!  Je kunt er namelijk iets h\u00e9\u00e9l moois van maken, mits je gebruik maakt van de mogelijkheden die je w\u00e9l hebt. In sommige gevallen liggen deze mogelijkheden niet in de ruimte die voor je tot je beschikking hebt, maar kijk eens omhoog?! Hier heb je voldoende mogelijkheden.<br>Je zult merken dat je ook van je balkon een heerlijk paradijs kunt maken, ongeacht de ruimte.<\/p>\n\n\n\n<figure class=\"wp-block-image size-large\"><a href=\"https:\/\/tuincomfort.nl\/wp-content\/uploads\/2025\/03\/wonderwoods-eerste-verticale-bos-in-nederland-vertical-forest-cop27-stefano-boeri-utrecht-architectuur.jpg\"><img fetchpriority=\"high\" decoding=\"async\" width=\"1020\" height=\"574\" src=\"https:\/\/tuincomfort.nl\/wp-content\/uploads\/2025\/03\/wonderwoods-eerste-verticale-bos-in-nederland-vertical-forest-cop27-stefano-boeri-utrecht-architectuur-1020x574.jpg\" alt=\"\" class=\"wp-image-2308\" srcset=\"https:\/\/tuincomfort.nl\/wp-content\/uploads\/2025\/03\/wonderwoods-eerste-verticale-bos-in-nederland-vertical-forest-cop27-stefano-boeri-utrecht-architectuur-1020x574.jpg 1020w, https:\/\/tuincomfort.nl\/wp-content\/uploads\/2025\/03\/wonderwoods-eerste-verticale-bos-in-nederland-vertical-forest-cop27-stefano-boeri-utrecht-architectuur-632x356.jpg 632w, https:\/\/tuincomfort.nl\/wp-content\/uploads\/2025\/03\/wonderwoods-eerste-verticale-bos-in-nederland-vertical-forest-cop27-stefano-boeri-utrecht-architectuur-768x432.jpg 768w, https:\/\/tuincomfort.nl\/wp-content\/uploads\/2025\/03\/wonderwoods-eerste-verticale-bos-in-nederland-vertical-forest-cop27-stefano-boeri-utrecht-architectuur.jpg 1400w\" sizes=\"(max-width: 1020px) 100vw, 1020px\" \/><\/a><\/figure>\n\n\n\n<p>Als je een klein balkon op een leuke manier wilt inrichten, zul je creatief moeten omgaan met je beschikbare ruimte. Als je lekker op je balkon wilt zitten, wil je misschien ook wel de beschikking hebben over een tafeltje \u00e9n ook ruimte hebben voor je (elektrische) barbecue of een kastje, maar dan zal de ruimte snel gevuld zijn. In veel gevallen heb je dan geen plaats meer voor eventuele beplanting of decoratie. Moet je er dan maar voor kiezen om concessies te doen?<br>Iedere situatie is uiteraard verschillend (en soms zul je zeker wel keuzes moeten maken) maar je hebt soms wel meer mogelijkheden dan je zelf denkt. Bij het inrichten van een kleine ruimte (zoals vaak bij een balkon het geval is) moet je verticaal denken. Je maakt dan gebruik van de ruimte in de lucht.<\/p>\n\n\n\n<p>Het principe hierbij is dat je je vloer zo vrij mogelijk houdt voor het interieur dat wel op de vloer&nbsp;<em>moet<\/em>&nbsp;staan, in veel gevallen zijn dat alleen je stoelen. Er zijn diverse oplossingen om gebruik te maken van je mogelijkheden en hierdoor meer ruimte te winnen:<\/p>\n\n\n\n<ul class=\"wp-block-list\">\n<li>Een&nbsp;<strong>balkontafel<\/strong>&nbsp;kan aan een balkon rail geplaatst worden;<\/li>\n\n\n\n<li>Het gebruik van een&nbsp;<strong>opklapbare tuinset<\/strong>&nbsp;die makkelijk op te bergen en te verplaatsen is als je deze spullen niet gebruikt.<\/li>\n\n\n\n<li>Een plant aan de muur kan uitstekend dienen als een soort bar op je balkon;<\/li>\n\n\n\n<li>Beplanting kan aan een frame tegen de muur worden geplaatst;<\/li>\n\n\n\n<li>Er zijn speciale balkon rail plantenbakken verkrijgbaar;<\/li>\n\n\n\n<li><strong>Schilderijen<\/strong>&nbsp;aan de muur geven een specifieke sfeer aan een balkon;<\/li>\n\n\n\n<li>Als je een plank aan de achtermuur ophangt, kun je daar mooie decoratie op kwijt.<\/li>\n\n\n\n<li>Je kunt je muren of je balkonrand op een mooie manier decoreren om een persoonlijke touch aan je balkon te geven.<\/li>\n<\/ul>\n\n\n\n<figure class=\"wp-block-gallery has-nested-images columns-default is-cropped wp-block-gallery-1 is-layout-flex wp-block-gallery-is-layout-flex\">\n<figure class=\"wp-block-image size-full\"><a href=\"https:\/\/tuincomfort.nl\/wp-content\/uploads\/2025\/03\/1711529240Hotspotmobile2.webp\"><img decoding=\"async\" width=\"619\" height=\"450\" data-id=\"2317\" src=\"https:\/\/tuincomfort.nl\/wp-content\/uploads\/2025\/03\/1711529240Hotspotmobile2.webp\" alt=\"\" class=\"wp-image-2317\"\/><\/a><\/figure>\n<\/figure>\n\n\n\n<p>Het hangt ervan af hoe je jouw balkon wilt gebruiken: als je graag buiten eet, heb je natuurlijk een tafel en een stoel nodig. Met een\u00a0<strong>bistro set\u00a0<\/strong>voor het balkon zit je zeker goed: het bestaat uit een tafeltje en twee stoelen. Anders zijn klapstoelen geweldig, of op zijn minst een paar die je kunt\u00a0<strong>stapelen<\/strong>. Op die manier heb je een reserve als vrienden op bezoek komen.<\/p>\n\n\n\n<p>Ben je meer een lounge type en drink je alleen af en toe een wijntje buiten de deur? Doe het dan zonder tafel en stoelen. Veel fabrikanten bieden nu lage zitbanken voor buiten aan in een modulair systeem, zodat je zeker iets geschikts voor jouw balkon zult vinden.<\/p>\n\n\n\n<p><strong>Tip: plaats loungemeubelen <\/strong><strong>aan de smalle kant van het balkon<\/strong>. Op die manier is de zithoek aan drie zijden omsloten en bijzonder gezellig. Een buitenkleed, gezellige kussens, sfeervolle buitenlampen en een kleine bijzettafel &#8211; klaar.<\/p>\n\n\n\n<p>Voor al diegenen die graag luieren en buiten eten:\u00a0<strong>multifunctionele meubels<\/strong>\u00a0helpen daarbij. Een lichte fauteuil kan gemakkelijk van zijn oorspronkelijke plaats in de woonkamer naar het balkon worden verplaatst. En opklapbare meubels, zoals een klaptafel, maken buiten ruimte als je jouw\u00a0hangmat\u00a0wilt uitspreiden of een ligstoel wilt neerzetten tijdens de lunch. Stapelbare krukken zijn ook allrounders: ze bieden ruimte voor uw gasten als jullie samen eten en voor jouw benen als je wilt ontspannen.<\/p>\n\n\n\n<figure class=\"wp-block-gallery has-nested-images columns-default is-cropped wp-block-gallery-2 is-layout-flex wp-block-gallery-is-layout-flex\">\n<figure class=\"wp-block-image size-large\"><a href=\"https:\/\/tuincomfort.nl\/wp-content\/uploads\/2025\/03\/studioenasssmallbalcony-a789eb364e044b3e9716cf094ccb7f3b.jpg\"><img decoding=\"async\" width=\"1020\" height=\"1354\" data-id=\"2315\" src=\"https:\/\/tuincomfort.nl\/wp-content\/uploads\/2025\/03\/studioenasssmallbalcony-a789eb364e044b3e9716cf094ccb7f3b-1020x1354.jpg\" alt=\"\" class=\"wp-image-2315\" srcset=\"https:\/\/tuincomfort.nl\/wp-content\/uploads\/2025\/03\/studioenasssmallbalcony-a789eb364e044b3e9716cf094ccb7f3b-1020x1354.jpg 1020w, https:\/\/tuincomfort.nl\/wp-content\/uploads\/2025\/03\/studioenasssmallbalcony-a789eb364e044b3e9716cf094ccb7f3b-632x839.jpg 632w, https:\/\/tuincomfort.nl\/wp-content\/uploads\/2025\/03\/studioenasssmallbalcony-a789eb364e044b3e9716cf094ccb7f3b-768x1019.jpg 768w, https:\/\/tuincomfort.nl\/wp-content\/uploads\/2025\/03\/studioenasssmallbalcony-a789eb364e044b3e9716cf094ccb7f3b-1157x1536.jpg 1157w, https:\/\/tuincomfort.nl\/wp-content\/uploads\/2025\/03\/studioenasssmallbalcony-a789eb364e044b3e9716cf094ccb7f3b.jpg 1162w\" sizes=\"(max-width: 1020px) 100vw, 1020px\" \/><\/a><\/figure>\n\n\n\n<figure class=\"wp-block-image size-large\"><a href=\"https:\/\/tuincomfort.nl\/wp-content\/uploads\/2025\/03\/948654a3a52f3e7df88a0e3459ee14a3.jpg\"><img loading=\"lazy\" decoding=\"async\" width=\"736\" height=\"920\" data-id=\"2316\" src=\"https:\/\/tuincomfort.nl\/wp-content\/uploads\/2025\/03\/948654a3a52f3e7df88a0e3459ee14a3.jpg\" alt=\"\" class=\"wp-image-2316\" srcset=\"https:\/\/tuincomfort.nl\/wp-content\/uploads\/2025\/03\/948654a3a52f3e7df88a0e3459ee14a3.jpg 736w, https:\/\/tuincomfort.nl\/wp-content\/uploads\/2025\/03\/948654a3a52f3e7df88a0e3459ee14a3-632x790.jpg 632w\" sizes=\"(max-width: 736px) 100vw, 736px\" \/><\/a><\/figure>\n<\/figure>\n","protected":false},"excerpt":{"rendered":"<p>Denk je dat je beperkt bent als je alleen maar de beschikking hebt over een balkon? Dan heb je het helemaal mis! Je kunt er namelijk iets h\u00e9\u00e9l moois van maken, mits je gebruik maakt van de mogelijkheden die je w\u00e9l hebt. In sommige gevallen liggen deze mogelijkheden niet in de ruimte die voor je [&hellip;]<\/p>\n","protected":false},"author":3,"featured_media":0,"parent":0,"menu_order":0,"comment_status":"closed","ping_status":"closed","template":"","meta":{"footnotes":""},"class_list":["post-2307","page","type-page","status-publish","hentry"],"blocksy_meta":[],"_links":{"self":[{"href":"https:\/\/tuincomfort.nl\/index.php?rest_route=\/wp\/v2\/pages\/2307","targetHints":{"allow":["GET"]}}],"collection":[{"href":"https:\/\/tuincomfort.nl\/index.php?rest_route=\/wp\/v2\/pages"}],"about":[{"href":"https:\/\/tuincomfort.nl\/index.php?rest_route=\/wp\/v2\/types\/page"}],"author":[{"embeddable":true,"href":"https:\/\/tuincomfort.nl\/index.php?rest_route=\/wp\/v2\/users\/3"}],"replies":[{"embeddable":true,"href":"https:\/\/tuincomfort.nl\/index.php?rest_route=%2Fwp%2Fv2%2Fcomments&post=2307"}],"version-history":[{"count":2,"href":"https:\/\/tuincomfort.nl\/index.php?rest_route=\/wp\/v2\/pages\/2307\/revisions"}],"predecessor-version":[{"id":2318,"href":"https:\/\/tuincomfort.nl\/index.php?rest_route=\/wp\/v2\/pages\/2307\/revisions\/2318"}],"wp:attachment":[{"href":"https:\/\/tuincomfort.nl\/index.php?rest_route=%2Fwp%2Fv2%2Fmedia&parent=2307"}],"curies":[{"name":"wp","href":"https:\/\/api.w.org\/{rel}","templated":true}]}}